{"id":642,"date":"2018-11-26T13:45:49","date_gmt":"2018-11-26T12:45:49","guid":{"rendered":"https:\/\/walterkreisel.com\/?page_id=642"},"modified":"2025-01-08T23:16:14","modified_gmt":"2025-01-08T22:16:14","slug":"impressum","status":"publish","type":"page","link":"https:\/\/walterkreisel.com\/de\/impressum\/","title":{"rendered":"Impressum\/Datenschutz"},"content":{"rendered":"\t\t<div data-elementor-type=\"wp-post\" data-elementor-id=\"642\" class=\"elementor elementor-642\" data-elementor-post-type=\"page\">\n\t\t\t\t\t\t<section class=\"elementor-section elementor-top-section elementor-element elementor-element-c7d2427 elementor-section-boxed elementor-section-height-default elementor-section-height-default\" data-id=\"c7d2427\" data-element_type=\"section\" data-e-type=\"section\">\n\t\t\t\t\t\t<div class=\"elementor-container elementor-column-gap-default\">\n\t\t\t\t\t<div class=\"elementor-column elementor-col-100 elementor-top-column elementor-element elementor-element-e503f2e\" data-id=\"e503f2e\" data-element_type=\"column\" data-e-type=\"column\">\n\t\t\t<div class=\"elementor-widget-wrap elementor-element-populated\">\n\t\t\t\t\t\t<div class=\"elementor-element elementor-element-3c6e003 elementor-widget elementor-widget-heading\" data-id=\"3c6e003\" data-element_type=\"widget\" data-e-type=\"widget\" data-widget_type=\"heading.default\">\n\t\t\t\t<div class=\"elementor-widget-container\">\n\t\t\t\t\t<h1 class=\"elementor-heading-title elementor-size-default\">Impressum &amp; Datenschutz<\/h1>\t\t\t\t<\/div>\n\t\t\t\t<\/div>\n\t\t\t\t\t<\/div>\n\t\t<\/div>\n\t\t\t\t\t<\/div>\n\t\t<\/section>\n\t\t\t\t<section class=\"elementor-section elementor-top-section elementor-element elementor-element-ccd7be5 elementor-section-boxed elementor-section-height-default elementor-section-height-default\" data-id=\"ccd7be5\" data-element_type=\"section\" data-e-type=\"section\">\n\t\t\t\t\t\t<div class=\"elementor-container elementor-column-gap-default\">\n\t\t\t\t\t<div class=\"elementor-column elementor-col-100 elementor-top-column elementor-element elementor-element-69788c1\" data-id=\"69788c1\" data-element_type=\"column\" data-e-type=\"column\">\n\t\t\t<div class=\"elementor-widget-wrap elementor-element-populated\">\n\t\t\t\t\t\t<div class=\"elementor-element elementor-element-79a2c8c elementor-widget elementor-widget-text-editor\" data-id=\"79a2c8c\" data-element_type=\"widget\" data-e-type=\"widget\" data-widget_type=\"text-editor.default\">\n\t\t\t\t<div class=\"elementor-widget-container\">\n\t\t\t\t\t\t\t\t\t<p>Firmawortlaut: KREISEL Ventures GmbH<br>UID-Nummer:&nbsp;ATU: 72162857<br>Firmenbuchnummer:&nbsp;FN 4694122 b<br>Firmenbuchgericht: Linz<br>Firmensitz: Free City, Galgenau 51, 4240 Freistadt, \u00d6sterreich<\/p>\n<p>Kontaktdaten: info@walterkreisel.com<\/p>\n<p>Mitgliedschaften bei der Wirtschaftskammerorganisation:&nbsp; WKO O\u00d6<br>Aufsichtsbeh\u00f6rde\/Gewerbebeh\u00f6rde:&nbsp;Bezirkshauptmannschaft Freistadt<br>Berufsbezeichnung: Unternehmensberatung<br>Verleihungsstaat: \u00d6sterreich<\/p>\t\t\t\t\t\t\t\t<\/div>\n\t\t\t\t<\/div>\n\t\t\t\t\t<\/div>\n\t\t<\/div>\n\t\t\t\t\t<\/div>\n\t\t<\/section>\n\t\t\t\t<section class=\"elementor-section elementor-top-section elementor-element elementor-element-4fe16bc elementor-section-boxed elementor-section-height-default elementor-section-height-default\" data-id=\"4fe16bc\" data-element_type=\"section\" data-e-type=\"section\">\n\t\t\t\t\t\t<div class=\"elementor-container elementor-column-gap-default\">\n\t\t\t\t\t<div class=\"elementor-column elementor-col-100 elementor-top-column elementor-element elementor-element-4542011\" data-id=\"4542011\" data-element_type=\"column\" data-e-type=\"column\">\n\t\t\t<div class=\"elementor-widget-wrap elementor-element-populated\">\n\t\t\t\t\t\t<div class=\"elementor-element elementor-element-565a1b3 elementor-widget elementor-widget-text-editor\" data-id=\"565a1b3\" data-element_type=\"widget\" data-e-type=\"widget\" data-widget_type=\"text-editor.default\">\n\t\t\t\t<div class=\"elementor-widget-container\">\n\t\t\t\t\t\t\t\t\t<p><span lang=\"DE\"><b>Fotoquellen\/ Photo Credits:<\/b><\/span><\/p><p>Walter Black \u2013 Gregor Hartl<br \/>Walter Maschine\/Machine \u2013 Gregor Hartl<br \/>Walter JW Wien, Business Maniacs \u2013 Elmas Libhohova<br \/>Walter Mountainbike-Rennen\/Race \u2013 Sportograf<br \/>Walter Kinder\/Children \u2013 Walter Kreisel<br \/>Walter AERA \u2013 Kurier<br \/>Walter Kinder\/Children \u2013 Walter Kreisel<br \/>Walter Smart Home \u2013 Martin Pr\u00f6ll<br \/>Walter MBA \u2013 Walter Kreisel<br \/>Walter Maschine\/Machine \u2013 Gregor Hartl<br \/>Walter Mountainbike-Rennen\/Race \u2013 Sportograf<br \/>Walter Mountainbike-Rennen\/Race \u2013 Sportograf<br \/>Kreisel Systems \u2013 Gregor Hartl<br \/>Walter Karibu \u2013 Drei<br \/>Walter Solar.Future.Today \u2013 Solar Future Business Club<br \/>Walter &amp; Hr. Weissengruber \u2013 Walter Kreisel<br \/>Walter Marathon &#8211; Walter Kreisel<br \/>neoom &#8211; W&amp;Kreisel<br \/>Michael Altrichter \u2013 Michael Altrichter<br \/>Robin Farmanfarmaian &#8211; Robin Farmanfarmaian<br \/>Josef Wei\u00dfl \u2013 Oberbank<br \/><span lang=\"DE\">Heather <\/span><span lang=\"DE\">Mills &#8211; <\/span><u><span lang=\"DE\"><span style=\"color: #0b4cb4;\">www.heathermills.org\/<br \/><\/span><\/span><\/u>Benjamin Ruschin &#8211; Tam\u00e1s K\u00fcnsztler<br \/>Amelie Gro\u00df &#8211; Junge Wirtschaft<br \/>Mathias Gruber &#8211;\u00a0Ren\u00e9 Dovrtel<\/p><p><style>\n<br \/><\/style><\/p>\t\t\t\t\t\t\t\t<\/div>\n\t\t\t\t<\/div>\n\t\t\t\t\t<\/div>\n\t\t<\/div>\n\t\t\t\t\t<\/div>\n\t\t<\/section>\n\t\t\t\t<section class=\"elementor-section elementor-top-section elementor-element elementor-element-ba159c6 elementor-section-boxed elementor-section-height-default elementor-section-height-default\" data-id=\"ba159c6\" data-element_type=\"section\" data-e-type=\"section\">\n\t\t\t\t\t\t<div class=\"elementor-container elementor-column-gap-default\">\n\t\t\t\t\t<div class=\"elementor-column elementor-col-100 elementor-top-column elementor-element elementor-element-cf16bf3\" data-id=\"cf16bf3\" data-element_type=\"column\" data-e-type=\"column\">\n\t\t\t<div class=\"elementor-widget-wrap elementor-element-populated\">\n\t\t\t\t\t\t<div class=\"elementor-element elementor-element-7084d28 elementor-widget elementor-widget-heading\" data-id=\"7084d28\" data-element_type=\"widget\" data-e-type=\"widget\" data-widget_type=\"heading.default\">\n\t\t\t\t<div class=\"elementor-widget-container\">\n\t\t\t\t\t<h2 class=\"elementor-heading-title elementor-size-default\">DATENSCHUTZ<\/h2>\t\t\t\t<\/div>\n\t\t\t\t<\/div>\n\t\t\t\t\t<\/div>\n\t\t<\/div>\n\t\t\t\t\t<\/div>\n\t\t<\/section>\n\t\t\t\t<section class=\"elementor-section elementor-top-section elementor-element elementor-element-3a7ee5c elementor-section-boxed elementor-section-height-default elementor-section-height-default\" data-id=\"3a7ee5c\" data-element_type=\"section\" data-e-type=\"section\">\n\t\t\t\t\t\t<div class=\"elementor-container elementor-column-gap-default\">\n\t\t\t\t\t<div class=\"elementor-column elementor-col-100 elementor-top-column elementor-element elementor-element-2c927d2\" data-id=\"2c927d2\" data-element_type=\"column\" data-e-type=\"column\">\n\t\t\t<div class=\"elementor-widget-wrap elementor-element-populated\">\n\t\t\t\t\t\t<div class=\"elementor-element elementor-element-441f6a8 elementor-widget elementor-widget-text-editor\" data-id=\"441f6a8\" data-element_type=\"widget\" data-e-type=\"widget\" data-widget_type=\"text-editor.default\">\n\t\t\t\t<div class=\"elementor-widget-container\">\n\t\t\t\t\t\t\t\t\t<p>Der Schutz Ihrer pers\u00f6nlichen Daten ist uns ein besonderes Anliegen. Wir verarbeiten Ihre Daten daher ausschlie\u00dflich auf Grundlage der gesetzlichen Bestimmungen (DSGVO, TKG 2003). In diesen Datenschutzinformationen informieren wir Sie \u00fcber die wichtigsten Aspekte der Datenverarbeitung im Rahmen unserer Website.<\/p><p><strong>Kontakt mit uns<br \/><\/strong>Wenn Sie per Formular auf der Website oder per E-Mail Kontakt mit uns aufnehmen, werden Ihre angegebenen Daten zwecks Bearbeitung der Anfrage und f\u00fcr den Fall von Anschlussfragen sechs Monate bei uns gespeichert. Diese Daten geben wir nicht ohne Ihre Einwilligung weiter.<\/p><p><strong>Cookies<\/strong><br \/>Unsere Website verwendet so genannte Cookies. Dabei handelt es sich um kleine Textdateien, die mit Hilfe des Browsers auf Ihrem Endger\u00e4t abgelegt werden. Sie richten keinen Schaden an. Wir nutzen Cookies dazu, unser Angebot nutzerfreundlich zu gestalten. Einige Cookies bleiben auf Ihrem Endger\u00e4t gespeichert, bis Sie diese l\u00f6schen. Sie erm\u00f6glichen es uns, Ihren Browser beim n\u00e4chsten Besuch wiederzuerkennen. Wenn Sie dies nicht w\u00fcnschen, so k\u00f6nnen Sie Ihren Browser so einrichten, dass er Sie \u00fcber das Setzen von Cookies informiert und Sie dies nur im Einzelfall erlauben. Bei der Deaktivierung von Cookies kann die Funktionalit\u00e4t unserer Website eingeschr\u00e4nkt sein.<\/p><p><strong>Web-Analyse<\/strong>\u2028<br \/>Unsere Website verwendet Funktionen des Webanalysedienstes Google Analytics. Dazu werden Cookies verwendet, die eine Analyse der Benutzung der Website durch Ihre Benutzer erm\u00f6glicht. Die dadurch erzeugten Informationen werden auf den Server des Anbieters \u00fcbertragen und dort gespeichert. Sie k\u00f6nnen dies verhindern, indem Sie Ihren Browser so einrichten, dass keine Cookies gespeichert werden. Wir haben mit dem Anbieter einen entsprechenden Vertrag zur Auftragsdatenverarbeitung abgeschlossen.<\/p><p><strong>Ihre Rechte\u2028<br \/><\/strong>Ihnen stehen bez\u00fcglich Ihrer bei uns gespeicherten Daten grunds\u00e4tzlich die Rechte auf Auskunft, Berichtigung, L\u00f6schung, Einschr\u00e4nkung, Daten\u00fcbertragbarkeit, Widerruf und Widerspruch zu. Wenn Sie glauben, dass die Verarbeitung Ihrer Daten gegen das Datenschutzrecht verst\u00f6\u00dft oder Ihre datenschutzrechtlichen Anspr\u00fcche sonst in einer Weise verletzt worden sind, k\u00f6nnen Sie sich bei uns <a href=\"mailto:info@walterkreisel.com\">info@walterkreisel.com<\/a> oder der Datenschutzbeh\u00f6rde beschweren.<\/p>\t\t\t\t\t\t\t\t<\/div>\n\t\t\t\t<\/div>\n\t\t\t\t\t<\/div>\n\t\t<\/div>\n\t\t\t\t\t<\/div>\n\t\t<\/section>\n\t\t\t\t<\/div>\n\t\t","protected":false},"excerpt":{"rendered":"<p>Impressum &#038; Datenschutz Firmawortlaut: KREISEL Ventures GmbHUID-Nummer:&nbsp;ATU: 72162857Firmenbuchnummer:&nbsp;FN 4694122 bFirmenbuchgericht: LinzFirmensitz: Free City, Galgenau 51, 4240 Freistadt, \u00d6sterreich Kontaktdaten: info@walterkreisel.com Mitgliedschaften bei der Wirtschaftskammerorganisation:&nbsp; WKO O\u00d6Aufsichtsbeh\u00f6rde\/Gewerbebeh\u00f6rde:&nbsp;Bezirkshauptmannschaft FreistadtBerufsbezeichnung: UnternehmensberatungVerleihungsstaat: \u00d6sterreich Fotoquellen\/ Photo Credits: Walter Black \u2013 Gregor HartlWalter Maschine\/Machine \u2013 Gregor HartlWalter JW Wien, Business Maniacs \u2013 Elmas LibhohovaWalter Mountainbike-Rennen\/Race \u2013 SportografWalter Kinder\/Children \u2013 Walter KreiselWalter [&hellip;]<\/p>\n","protected":false},"author":1,"featured_media":0,"parent":0,"menu_order":20,"comment_status":"closed","ping_status":"closed","template":"","meta":{"inline_featured_image":false,"footnotes":""},"class_list":["post-642","page","type-page","status-publish","hentry"],"yoast_head":"<!-- This site is optimized with the Yoast SEO plugin v27.3 - https:\/\/yoast.com\/product\/yoast-seo-wordpress\/ -->\n<title>Impressum\/Datenschutz - Walter Kreisel<\/title>\n<meta name=\"robots\" content=\"index, follow, max-snippet:-1, max-image-preview:large, max-video-preview:-1\" \/>\n<link rel=\"canonical\" href=\"https:\/\/walterkreisel.com\/de\/impressum\/\" \/>\n<meta property=\"og:locale\" content=\"de_DE\" \/>\n<meta property=\"og:type\" content=\"article\" \/>\n<meta property=\"og:title\" content=\"Impressum\/Datenschutz - Walter Kreisel\" \/>\n<meta property=\"og:description\" content=\"Impressum &#038; Datenschutz Firmawortlaut: KREISEL Ventures GmbHUID-Nummer:&nbsp;ATU: 72162857Firmenbuchnummer:&nbsp;FN 4694122 bFirmenbuchgericht: LinzFirmensitz: Free City, Galgenau 51, 4240 Freistadt, \u00d6sterreich Kontaktdaten: info@walterkreisel.com Mitgliedschaften bei der Wirtschaftskammerorganisation:&nbsp; WKO O\u00d6Aufsichtsbeh\u00f6rde\/Gewerbebeh\u00f6rde:&nbsp;Bezirkshauptmannschaft FreistadtBerufsbezeichnung: UnternehmensberatungVerleihungsstaat: \u00d6sterreich Fotoquellen\/ Photo Credits: Walter Black \u2013 Gregor HartlWalter Maschine\/Machine \u2013 Gregor HartlWalter JW Wien, Business Maniacs \u2013 Elmas LibhohovaWalter Mountainbike-Rennen\/Race \u2013 SportografWalter Kinder\/Children \u2013 Walter KreiselWalter [&hellip;]\" \/>\n<meta property=\"og:url\" content=\"https:\/\/walterkreisel.com\/de\/impressum\/\" \/>\n<meta property=\"og:site_name\" content=\"Walter Kreisel\" \/>\n<meta property=\"article:modified_time\" content=\"2025-01-08T22:16:14+00:00\" \/>\n<meta name=\"twitter:card\" content=\"summary_large_image\" \/>\n<meta name=\"twitter:label1\" content=\"Gesch\u00e4tzte Lesezeit\" \/>\n\t<meta name=\"twitter:data1\" content=\"3\u00a0Minuten\" \/>\n<script type=\"application\/ld+json\" class=\"yoast-schema-graph\">{\"@context\":\"https:\\\/\\\/schema.org\",\"@graph\":[{\"@type\":\"WebPage\",\"@id\":\"https:\\\/\\\/walterkreisel.com\\\/de\\\/impressum\\\/\",\"url\":\"https:\\\/\\\/walterkreisel.com\\\/de\\\/impressum\\\/\",\"name\":\"Impressum\\\/Datenschutz - Walter Kreisel\",\"isPartOf\":{\"@id\":\"https:\\\/\\\/walterkreisel.com\\\/de\\\/#website\"},\"datePublished\":\"2018-11-26T12:45:49+00:00\",\"dateModified\":\"2025-01-08T22:16:14+00:00\",\"breadcrumb\":{\"@id\":\"https:\\\/\\\/walterkreisel.com\\\/de\\\/impressum\\\/#breadcrumb\"},\"inLanguage\":\"de\",\"potentialAction\":[{\"@type\":\"ReadAction\",\"target\":[\"https:\\\/\\\/walterkreisel.com\\\/de\\\/impressum\\\/\"]}]},{\"@type\":\"BreadcrumbList\",\"@id\":\"https:\\\/\\\/walterkreisel.com\\\/de\\\/impressum\\\/#breadcrumb\",\"itemListElement\":[{\"@type\":\"ListItem\",\"position\":1,\"name\":\"Startseite\",\"item\":\"https:\\\/\\\/walterkreisel.com\\\/de\\\/\"},{\"@type\":\"ListItem\",\"position\":2,\"name\":\"Impressum\\\/Datenschutz\"}]},{\"@type\":\"WebSite\",\"@id\":\"https:\\\/\\\/walterkreisel.com\\\/de\\\/#website\",\"url\":\"https:\\\/\\\/walterkreisel.com\\\/de\\\/\",\"name\":\"Walter Kreisel\",\"description\":\"Entrepreneur, Keynote Speaker and Human at Planet Earth, driven by action to create a better tomorrow for all of us.\",\"publisher\":{\"@id\":\"https:\\\/\\\/walterkreisel.com\\\/de\\\/#\\\/schema\\\/person\\\/92b6613456f5a3ec86223c219ad03ba0\"},\"potentialAction\":[{\"@type\":\"SearchAction\",\"target\":{\"@type\":\"EntryPoint\",\"urlTemplate\":\"https:\\\/\\\/walterkreisel.com\\\/de\\\/?s={search_term_string}\"},\"query-input\":{\"@type\":\"PropertyValueSpecification\",\"valueRequired\":true,\"valueName\":\"search_term_string\"}}],\"inLanguage\":\"de\"},{\"@type\":[\"Person\",\"Organization\"],\"@id\":\"https:\\\/\\\/walterkreisel.com\\\/de\\\/#\\\/schema\\\/person\\\/92b6613456f5a3ec86223c219ad03ba0\",\"name\":\"Walter Kreisel\",\"image\":{\"@type\":\"ImageObject\",\"inLanguage\":\"de\",\"@id\":\"https:\\\/\\\/walterkreisel.com\\\/wp-content\\\/uploads\\\/2019\\\/10\\\/Bild-2_Walter-Kreisel_c_Elmas-Libohova.jpg\",\"url\":\"https:\\\/\\\/walterkreisel.com\\\/wp-content\\\/uploads\\\/2019\\\/10\\\/Bild-2_Walter-Kreisel_c_Elmas-Libohova.jpg\",\"contentUrl\":\"https:\\\/\\\/walterkreisel.com\\\/wp-content\\\/uploads\\\/2019\\\/10\\\/Bild-2_Walter-Kreisel_c_Elmas-Libohova.jpg\",\"width\":2362,\"height\":1575,\"caption\":\"Walter Kreisel\"},\"logo\":{\"@id\":\"https:\\\/\\\/walterkreisel.com\\\/wp-content\\\/uploads\\\/2019\\\/10\\\/Bild-2_Walter-Kreisel_c_Elmas-Libohova.jpg\"},\"sameAs\":[\"http:\\\/\\\/www.walterkreisel.com\"]}]}<\/script>\n<!-- \/ Yoast SEO plugin. -->","yoast_head_json":{"title":"Impressum\/Datenschutz - Walter Kreisel","robots":{"index":"index","follow":"follow","max-snippet":"max-snippet:-1","max-image-preview":"max-image-preview:large","max-video-preview":"max-video-preview:-1"},"canonical":"https:\/\/walterkreisel.com\/de\/impressum\/","og_locale":"de_DE","og_type":"article","og_title":"Impressum\/Datenschutz - Walter Kreisel","og_description":"Impressum &#038; Datenschutz Firmawortlaut: KREISEL Ventures GmbHUID-Nummer:&nbsp;ATU: 72162857Firmenbuchnummer:&nbsp;FN 4694122 bFirmenbuchgericht: LinzFirmensitz: Free City, Galgenau 51, 4240 Freistadt, \u00d6sterreich Kontaktdaten: info@walterkreisel.com Mitgliedschaften bei der Wirtschaftskammerorganisation:&nbsp; WKO O\u00d6Aufsichtsbeh\u00f6rde\/Gewerbebeh\u00f6rde:&nbsp;Bezirkshauptmannschaft FreistadtBerufsbezeichnung: UnternehmensberatungVerleihungsstaat: \u00d6sterreich Fotoquellen\/ Photo Credits: Walter Black \u2013 Gregor HartlWalter Maschine\/Machine \u2013 Gregor HartlWalter JW Wien, Business Maniacs \u2013 Elmas LibhohovaWalter Mountainbike-Rennen\/Race \u2013 SportografWalter Kinder\/Children \u2013 Walter KreiselWalter [&hellip;]","og_url":"https:\/\/walterkreisel.com\/de\/impressum\/","og_site_name":"Walter Kreisel","article_modified_time":"2025-01-08T22:16:14+00:00","twitter_card":"summary_large_image","twitter_misc":{"Gesch\u00e4tzte Lesezeit":"3\u00a0Minuten"},"schema":{"@context":"https:\/\/schema.org","@graph":[{"@type":"WebPage","@id":"https:\/\/walterkreisel.com\/de\/impressum\/","url":"https:\/\/walterkreisel.com\/de\/impressum\/","name":"Impressum\/Datenschutz - Walter Kreisel","isPartOf":{"@id":"https:\/\/walterkreisel.com\/de\/#website"},"datePublished":"2018-11-26T12:45:49+00:00","dateModified":"2025-01-08T22:16:14+00:00","breadcrumb":{"@id":"https:\/\/walterkreisel.com\/de\/impressum\/#breadcrumb"},"inLanguage":"de","potentialAction":[{"@type":"ReadAction","target":["https:\/\/walterkreisel.com\/de\/impressum\/"]}]},{"@type":"BreadcrumbList","@id":"https:\/\/walterkreisel.com\/de\/impressum\/#breadcrumb","itemListElement":[{"@type":"ListItem","position":1,"name":"Startseite","item":"https:\/\/walterkreisel.com\/de\/"},{"@type":"ListItem","position":2,"name":"Impressum\/Datenschutz"}]},{"@type":"WebSite","@id":"https:\/\/walterkreisel.com\/de\/#website","url":"https:\/\/walterkreisel.com\/de\/","name":"Walter Kreisel","description":"Entrepreneur, Keynote Speaker and Human at Planet Earth, driven by action to create a better tomorrow for all of us.","publisher":{"@id":"https:\/\/walterkreisel.com\/de\/#\/schema\/person\/92b6613456f5a3ec86223c219ad03ba0"},"potentialAction":[{"@type":"SearchAction","target":{"@type":"EntryPoint","urlTemplate":"https:\/\/walterkreisel.com\/de\/?s={search_term_string}"},"query-input":{"@type":"PropertyValueSpecification","valueRequired":true,"valueName":"search_term_string"}}],"inLanguage":"de"},{"@type":["Person","Organization"],"@id":"https:\/\/walterkreisel.com\/de\/#\/schema\/person\/92b6613456f5a3ec86223c219ad03ba0","name":"Walter Kreisel","image":{"@type":"ImageObject","inLanguage":"de","@id":"https:\/\/walterkreisel.com\/wp-content\/uploads\/2019\/10\/Bild-2_Walter-Kreisel_c_Elmas-Libohova.jpg","url":"https:\/\/walterkreisel.com\/wp-content\/uploads\/2019\/10\/Bild-2_Walter-Kreisel_c_Elmas-Libohova.jpg","contentUrl":"https:\/\/walterkreisel.com\/wp-content\/uploads\/2019\/10\/Bild-2_Walter-Kreisel_c_Elmas-Libohova.jpg","width":2362,"height":1575,"caption":"Walter Kreisel"},"logo":{"@id":"https:\/\/walterkreisel.com\/wp-content\/uploads\/2019\/10\/Bild-2_Walter-Kreisel_c_Elmas-Libohova.jpg"},"sameAs":["http:\/\/www.walterkreisel.com"]}]}},"_links":{"self":[{"href":"https:\/\/walterkreisel.com\/de\/wp-json\/wp\/v2\/pages\/642","targetHints":{"allow":["GET"]}}],"collection":[{"href":"https:\/\/walterkreisel.com\/de\/wp-json\/wp\/v2\/pages"}],"about":[{"href":"https:\/\/walterkreisel.com\/de\/wp-json\/wp\/v2\/types\/page"}],"author":[{"embeddable":true,"href":"https:\/\/walterkreisel.com\/de\/wp-json\/wp\/v2\/users\/1"}],"replies":[{"embeddable":true,"href":"https:\/\/walterkreisel.com\/de\/wp-json\/wp\/v2\/comments?post=642"}],"version-history":[{"count":5,"href":"https:\/\/walterkreisel.com\/de\/wp-json\/wp\/v2\/pages\/642\/revisions"}],"predecessor-version":[{"id":2639,"href":"https:\/\/walterkreisel.com\/de\/wp-json\/wp\/v2\/pages\/642\/revisions\/2639"}],"wp:attachment":[{"href":"https:\/\/walterkreisel.com\/de\/wp-json\/wp\/v2\/media?parent=642"}],"curies":[{"name":"wp","href":"https:\/\/api.w.org\/{rel}","templated":true}]}}